{"id":3106,"date":"2021-12-08T12:46:24","date_gmt":"2021-12-08T12:46:24","guid":{"rendered":"https:\/\/mozrelief.org\/fr\/?page_id=3106"},"modified":"2022-06-08T20:26:24","modified_gmt":"2022-06-08T20:26:24","slug":"kit-espoir","status":"publish","type":"page","link":"https:\/\/mozrelief.org\/fr\/kit-espoir\/","title":{"rendered":"KIT ESPOIR"},"content":{"rendered":"<p>[vc_row][vc_column width=&#8221;1\/2&#8243;][vc_tta_accordion][vc_tta_section title=&#8221;MOZRELIEF \u2013 KIT ESPOIR&#8221; tab_id=&#8221;MOZRELIEF_KIT_ESPOIR&#8221;][vc_column_text]<\/p>\n<div class=\"wpb_wrapper\" style=\"text-align: justify;\">\n<p style=\"font-size: 15px; font-weight: normal;\">Mozrelief a d\u00e9cid\u00e9 de d\u00e9marrer son activit\u00e9 en d\u00e9veloppant un kit d&#8217;hygi\u00e8ne et de nettoyage appel\u00e9 KIT ESPOIR.<\/p>\n<p style=\"font-size: 15px; font-weight: normal;\">Dans les situations de crise, la premi\u00e8re pr\u00e9occupation est de se nourrir, de se v\u00eatir et de s&#8217;abriter, mais on oublie souvent que ces personnes ont besoin d&#8217;une certaine normalit\u00e9 dans leur vie.\n<\/p>\n<p style=\"font-size: 15px; font-weight: normal;\">Prendre une douche, faire la lessive, faire la vaisselle, sont de petits gestes mais d&#8217;une grande dignit\u00e9. Ce sont les gestes qui redonnent le sentiment &#8220;d&#8217;\u00eatre une personne&#8221;, d&#8217;o\u00f9 la devise de notre campagne, KIT ESPOIR_LA VIE COMMENCE DE PLUS TOUS LES JOURS.<\/p>\n<\/div>\n<p>[\/vc_column_text][\/vc_tta_section][vc_tta_section title=&#8221;KIT_ESPOIR_LA VIE RECOMMENCE TOUS LES JOURS&#8221; tab_id=&#8221;LA_VIE_RECOMMENCE_TOUS_LES_JOURS&#8221;][vc_column_text]<\/p>\n<div class=\"wpb_wrapper\" style=\"text-align: justify; font-size: 15px; font-weight: normal;\">\n<p>En temps de crise et de catastrophes naturelles, les besoins humains comme la propret\u00e9 et l&#8217;hygi\u00e8ne peuvent sembler insignifiants, mais r\u00e9pondre \u00e0 ces besoins est vital pour att\u00e9nuer le stress et la souffrance.<\/p>\n<p><strong>Il est essentiel d&#8217;aider les gens en leur redonnant au plus vite leur dignit\u00e9 perdue!<\/strong><\/p>\n<p>Le kit d&#8217;hygi\u00e8ne propos\u00e9 par MOZRELIEF est la solution id\u00e9ale pour cela et devrait \u00eatre un \u00e9l\u00e9ment essentiel de chaque kit d&#8217;urgence. Pouvoir maintenir son hygi\u00e8ne et sa propret\u00e9 de base est important pour le bien-\u00eatre psychologique des personnes en danger et aide \u00e0 pr\u00e9venir la propagation des maladies infectieuses.<\/p>\n<p>Le kit de nettoyage et d&#8217;hygi\u00e8ne personnelle r\u00e9pond aux besoins fondamentaux des adultes et des enfants, offrant qualit\u00e9, soins et confort \u00e0 ceux qui le re\u00e7oivent. .<\/p>\n<p>Ce kit se pr\u00e9sente sous forme de colis, correctement am\u00e9nag\u00e9, et propose des produits d&#8217;hygi\u00e8ne et de nettoyage pour une famille de cinq personnes pendant une dur\u00e9e d&#8217;un mois<\/p>\n<p>Ce kit se pr\u00e9sente sous forme de colis, correctement am\u00e9nag\u00e9, et propose des produits d&#8217;hygi\u00e8ne et de nettoyage pour une famille de cinq personnes pendant une dur\u00e9e d&#8217;un mois.<\/p>\n<\/div>\n<p>[\/vc_column_text][\/vc_tta_section][\/vc_tta_accordion][\/vc_column][vc_column width=&#8221;1\/2&#8243;][vc_single_image image=&#8221;3294&#8243; img_size=&#8221;full&#8221;][\/vc_column][\/vc_row]<\/p>\n","protected":false},"excerpt":{"rendered":"<p>[vc_row][vc_column width=&#8221;1\/2&#8243;][vc_tta_accordion][vc_tta_section title=&#8221;MOZRELIEF \u2013 KIT ESPOIR&#8221; tab_id=&#8221;MOZRELIEF_KIT_ESPOIR&#8221;][vc_column_text] Mozrelief a d\u00e9cid\u00e9 de d\u00e9marrer son activit\u00e9 en d\u00e9veloppant un kit d&#8217;hygi\u00e8ne et de nettoyage appel\u00e9 KIT ESPOIR. Dans les situations de crise,&#8230;<\/p>\n","protected":false},"author":1,"featured_media":0,"parent":0,"menu_order":0,"comment_status":"closed","ping_status":"closed","template":"","meta":[],"yoast_head":"<!-- This site is optimized with the Yoast SEO plugin v18.9 - https:\/\/yoast.com\/wordpress\/plugins\/seo\/ -->\n<title>KIT ESPOIR - Moz Relief<\/title>\n<meta name=\"robots\" content=\"index, follow, max-snippet:-1, max-image-preview:large, max-video-preview:-1\" \/>\n<link rel=\"canonical\" href=\"https:\/\/mozrelief.org\/fr\/kit-espoir\/\" \/>\n<meta property=\"og:locale\" content=\"en_US\" \/>\n<meta property=\"og:type\" content=\"article\" \/>\n<meta property=\"og:title\" content=\"KIT ESPOIR - Moz Relief\" \/>\n<meta property=\"og:description\" content=\"[vc_row][vc_column width=&#8221;1\/2&#8243;][vc_tta_accordion][vc_tta_section title=&#8221;MOZRELIEF \u2013 KIT ESPOIR&#8221; tab_id=&#8221;MOZRELIEF_KIT_ESPOIR&#8221;][vc_column_text] Mozrelief a d\u00e9cid\u00e9 de d\u00e9marrer son activit\u00e9 en d\u00e9veloppant un kit d&#8217;hygi\u00e8ne et de nettoyage appel\u00e9 KIT ESPOIR. Dans les situations de crise,...\" \/>\n<meta property=\"og:url\" content=\"https:\/\/mozrelief.org\/fr\/kit-espoir\/\" \/>\n<meta property=\"og:site_name\" content=\"Moz Relief\" \/>\n<meta property=\"article:modified_time\" content=\"2022-06-08T20:26:24+00:00\" \/>\n<meta name=\"twitter:card\" content=\"summary_large_image\" \/>\n<meta name=\"twitter:label1\" content=\"Est. reading time\" \/>\n\t<meta name=\"twitter:data1\" content=\"2 minutes\" \/>\n<script type=\"application\/ld+json\" class=\"yoast-schema-graph\">{\"@context\":\"https:\/\/schema.org\",\"@graph\":[{\"@type\":\"WebSite\",\"@id\":\"https:\/\/mozrelief.org\/fr\/#website\",\"url\":\"https:\/\/mozrelief.org\/fr\/\",\"name\":\"Moz Relief\",\"description\":\"Org\",\"potentialAction\":[{\"@type\":\"SearchAction\",\"target\":{\"@type\":\"EntryPoint\",\"urlTemplate\":\"https:\/\/mozrelief.org\/fr\/?s={search_term_string}\"},\"query-input\":\"required name=search_term_string\"}],\"inLanguage\":\"en-US\"},{\"@type\":\"WebPage\",\"@id\":\"https:\/\/mozrelief.org\/fr\/kit-espoir\/#webpage\",\"url\":\"https:\/\/mozrelief.org\/fr\/kit-espoir\/\",\"name\":\"KIT ESPOIR - Moz Relief\",\"isPartOf\":{\"@id\":\"https:\/\/mozrelief.org\/fr\/#website\"},\"datePublished\":\"2021-12-08T12:46:24+00:00\",\"dateModified\":\"2022-06-08T20:26:24+00:00\",\"breadcrumb\":{\"@id\":\"https:\/\/mozrelief.org\/fr\/kit-espoir\/#breadcrumb\"},\"inLanguage\":\"en-US\",\"potentialAction\":[{\"@type\":\"ReadAction\",\"target\":[\"https:\/\/mozrelief.org\/fr\/kit-espoir\/\"]}]},{\"@type\":\"BreadcrumbList\",\"@id\":\"https:\/\/mozrelief.org\/fr\/kit-espoir\/#breadcrumb\",\"itemListElement\":[{\"@type\":\"ListItem\",\"position\":1,\"name\":\"Home\",\"item\":\"https:\/\/mozrelief.org\/fr\/\"},{\"@type\":\"ListItem\",\"position\":2,\"name\":\"KIT ESPOIR\"}]}]}<\/script>\n<!-- \/ Yoast SEO plugin. -->","yoast_head_json":{"title":"KIT ESPOIR - Moz Relief","robots":{"index":"index","follow":"follow","max-snippet":"max-snippet:-1","max-image-preview":"max-image-preview:large","max-video-preview":"max-video-preview:-1"},"canonical":"https:\/\/mozrelief.org\/fr\/kit-espoir\/","og_locale":"en_US","og_type":"article","og_title":"KIT ESPOIR - Moz Relief","og_description":"[vc_row][vc_column width=&#8221;1\/2&#8243;][vc_tta_accordion][vc_tta_section title=&#8221;MOZRELIEF \u2013 KIT ESPOIR&#8221; tab_id=&#8221;MOZRELIEF_KIT_ESPOIR&#8221;][vc_column_text] Mozrelief a d\u00e9cid\u00e9 de d\u00e9marrer son activit\u00e9 en d\u00e9veloppant un kit d&#8217;hygi\u00e8ne et de nettoyage appel\u00e9 KIT ESPOIR. Dans les situations de crise,...","og_url":"https:\/\/mozrelief.org\/fr\/kit-espoir\/","og_site_name":"Moz Relief","article_modified_time":"2022-06-08T20:26:24+00:00","twitter_card":"summary_large_image","twitter_misc":{"Est. reading time":"2 minutes"},"schema":{"@context":"https:\/\/schema.org","@graph":[{"@type":"WebSite","@id":"https:\/\/mozrelief.org\/fr\/#website","url":"https:\/\/mozrelief.org\/fr\/","name":"Moz Relief","description":"Org","potentialAction":[{"@type":"SearchAction","target":{"@type":"EntryPoint","urlTemplate":"https:\/\/mozrelief.org\/fr\/?s={search_term_string}"},"query-input":"required name=search_term_string"}],"inLanguage":"en-US"},{"@type":"WebPage","@id":"https:\/\/mozrelief.org\/fr\/kit-espoir\/#webpage","url":"https:\/\/mozrelief.org\/fr\/kit-espoir\/","name":"KIT ESPOIR - Moz Relief","isPartOf":{"@id":"https:\/\/mozrelief.org\/fr\/#website"},"datePublished":"2021-12-08T12:46:24+00:00","dateModified":"2022-06-08T20:26:24+00:00","breadcrumb":{"@id":"https:\/\/mozrelief.org\/fr\/kit-espoir\/#breadcrumb"},"inLanguage":"en-US","potentialAction":[{"@type":"ReadAction","target":["https:\/\/mozrelief.org\/fr\/kit-espoir\/"]}]},{"@type":"BreadcrumbList","@id":"https:\/\/mozrelief.org\/fr\/kit-espoir\/#breadcrumb","itemListElement":[{"@type":"ListItem","position":1,"name":"Home","item":"https:\/\/mozrelief.org\/fr\/"},{"@type":"ListItem","position":2,"name":"KIT ESPOIR"}]}]}},"_links":{"self":[{"href":"https:\/\/mozrelief.org\/fr\/wp-json\/wp\/v2\/pages\/3106"}],"collection":[{"href":"https:\/\/mozrelief.org\/fr\/wp-json\/wp\/v2\/pages"}],"about":[{"href":"https:\/\/mozrelief.org\/fr\/wp-json\/wp\/v2\/types\/page"}],"author":[{"embeddable":true,"href":"https:\/\/mozrelief.org\/fr\/wp-json\/wp\/v2\/users\/1"}],"replies":[{"embeddable":true,"href":"https:\/\/mozrelief.org\/fr\/wp-json\/wp\/v2\/comments?post=3106"}],"version-history":[{"count":19,"href":"https:\/\/mozrelief.org\/fr\/wp-json\/wp\/v2\/pages\/3106\/revisions"}],"predecessor-version":[{"id":3349,"href":"https:\/\/mozrelief.org\/fr\/wp-json\/wp\/v2\/pages\/3106\/revisions\/3349"}],"wp:attachment":[{"href":"https:\/\/mozrelief.org\/fr\/wp-json\/wp\/v2\/media?parent=3106"}],"curies":[{"name":"wp","href":"https:\/\/api.w.org\/{rel}","templated":true}]}}