{"id":3202,"date":"2022-01-28T14:35:38","date_gmt":"2022-01-28T14:35:38","guid":{"rendered":"https:\/\/mozrelief.org\/fr\/?post_type=product&#038;p=3202"},"modified":"2022-12-02T10:17:41","modified_gmt":"2022-12-02T10:17:41","slug":"kit-esperanca","status":"publish","type":"product","link":"https:\/\/mozrelief.org\/fr\/product\/kit-esperanca\/","title":{"rendered":"Kit Espoir"},"content":{"rendered":"<p>1 un<\/p>\n","protected":false},"excerpt":{"rendered":"<p><span style=\"color: #49c102;\">Le kit se compose de:<\/span><\/p>\n<p>1 x Sac R\u00e9utilisable<br \/>\n2 x Liquide Vaisselle 500ml<br \/>\n2 x Lessive 500g<br \/>\n2 x Eau de Javel 500ml<br \/>\n4 x Savon barre 250g<br \/>\n2 x Shampooing 500ml<br \/>\n1 x D\u00e9sinfectant Mains 500ml<br \/>\n4 x Chiffons polyvalents<br \/>\n2 x \u00c9ponge \u00e0 Vaisselle<br \/>\n1 x Dentifrice 450g<br \/>\n5 x Brosses \u00e0 dents<br \/>\n2 x Peignes<br \/>\n12 x Masques jetables<\/p>\n","protected":false},"featured_media":3390,"comment_status":"open","ping_status":"closed","template":"","meta":[],"yoast_head":"<!-- This site is optimized with the Yoast SEO plugin v18.9 - https:\/\/yoast.com\/wordpress\/plugins\/seo\/ -->\n<title>Kit Espoir - Moz Relief<\/title>\n<meta name=\"robots\" content=\"index, follow, max-snippet:-1, max-image-preview:large, max-video-preview:-1\" \/>\n<link rel=\"canonical\" href=\"https:\/\/mozrelief.org\/fr\/product\/kit-esperanca\/\" \/>\n<meta property=\"og:locale\" content=\"en_US\" \/>\n<meta property=\"og:type\" content=\"article\" \/>\n<meta property=\"og:title\" content=\"Kit Espoir - Moz Relief\" \/>\n<meta property=\"og:description\" content=\"Le kit se compose de:  1 x Sac R\u00e9utilisable 2 x Liquide Vaisselle 500ml 2 x Lessive 500g 2 x Eau de Javel 500ml 4 x Savon barre 250g 2 x Shampooing 500ml 1 x D\u00e9sinfectant Mains 500ml 4 x Chiffons polyvalents 2 x \u00c9ponge \u00e0 Vaisselle 1 x Dentifrice 450g 5 x Brosses \u00e0 dents 2 x Peignes 12 x Masques jetables\" \/>\n<meta property=\"og:url\" content=\"https:\/\/mozrelief.org\/fr\/product\/kit-esperanca\/\" \/>\n<meta property=\"og:site_name\" content=\"Moz Relief\" \/>\n<meta property=\"article:modified_time\" content=\"2022-12-02T10:17:41+00:00\" \/>\n<meta property=\"og:image\" content=\"https:\/\/mozrelief.org\/fr\/wp-content\/uploads\/2022\/01\/021222DD_MozRelief_Kit-Esperanc\u0327a-V02.png\" \/>\n\t<meta property=\"og:image:width\" content=\"594\" \/>\n\t<meta property=\"og:image:height\" content=\"561\" \/>\n\t<meta property=\"og:image:type\" content=\"image\/png\" \/>\n<meta name=\"twitter:card\" content=\"summary_large_image\" \/>\n<script type=\"application\/ld+json\" class=\"yoast-schema-graph\">{\"@context\":\"https:\/\/schema.org\",\"@graph\":[{\"@type\":\"WebSite\",\"@id\":\"https:\/\/mozrelief.org\/fr\/#website\",\"url\":\"https:\/\/mozrelief.org\/fr\/\",\"name\":\"Moz Relief\",\"description\":\"Org\",\"potentialAction\":[{\"@type\":\"SearchAction\",\"target\":{\"@type\":\"EntryPoint\",\"urlTemplate\":\"https:\/\/mozrelief.org\/fr\/?s={search_term_string}\"},\"query-input\":\"required name=search_term_string\"}],\"inLanguage\":\"en-US\"},{\"@type\":\"ImageObject\",\"inLanguage\":\"en-US\",\"@id\":\"https:\/\/mozrelief.org\/fr\/product\/kit-esperanca\/#primaryimage\",\"url\":\"https:\/\/mozrelief.org\/fr\/wp-content\/uploads\/2022\/01\/021222DD_MozRelief_Kit-Esperanc\u0327a-V02.png\",\"contentUrl\":\"https:\/\/mozrelief.org\/fr\/wp-content\/uploads\/2022\/01\/021222DD_MozRelief_Kit-Esperanc\u0327a-V02.png\",\"width\":594,\"height\":561},{\"@type\":\"WebPage\",\"@id\":\"https:\/\/mozrelief.org\/fr\/product\/kit-esperanca\/#webpage\",\"url\":\"https:\/\/mozrelief.org\/fr\/product\/kit-esperanca\/\",\"name\":\"Kit Espoir - Moz Relief\",\"isPartOf\":{\"@id\":\"https:\/\/mozrelief.org\/fr\/#website\"},\"primaryImageOfPage\":{\"@id\":\"https:\/\/mozrelief.org\/fr\/product\/kit-esperanca\/#primaryimage\"},\"datePublished\":\"2022-01-28T14:35:38+00:00\",\"dateModified\":\"2022-12-02T10:17:41+00:00\",\"breadcrumb\":{\"@id\":\"https:\/\/mozrelief.org\/fr\/product\/kit-esperanca\/#breadcrumb\"},\"inLanguage\":\"en-US\",\"potentialAction\":[{\"@type\":\"ReadAction\",\"target\":[\"https:\/\/mozrelief.org\/fr\/product\/kit-esperanca\/\"]}]},{\"@type\":\"BreadcrumbList\",\"@id\":\"https:\/\/mozrelief.org\/fr\/product\/kit-esperanca\/#breadcrumb\",\"itemListElement\":[{\"@type\":\"ListItem\",\"position\":1,\"name\":\"Home\",\"item\":\"https:\/\/mozrelief.org\/fr\/\"},{\"@type\":\"ListItem\",\"position\":2,\"name\":\"Shop\",\"item\":\"https:\/\/mozrelief.org\/fr\/shop\/\"},{\"@type\":\"ListItem\",\"position\":3,\"name\":\"Kit Espoir\"}]}]}<\/script>\n<!-- \/ Yoast SEO plugin. -->","yoast_head_json":{"title":"Kit Espoir - Moz Relief","robots":{"index":"index","follow":"follow","max-snippet":"max-snippet:-1","max-image-preview":"max-image-preview:large","max-video-preview":"max-video-preview:-1"},"canonical":"https:\/\/mozrelief.org\/fr\/product\/kit-esperanca\/","og_locale":"en_US","og_type":"article","og_title":"Kit Espoir - Moz Relief","og_description":"Le kit se compose de:  1 x Sac R\u00e9utilisable 2 x Liquide Vaisselle 500ml 2 x Lessive 500g 2 x Eau de Javel 500ml 4 x Savon barre 250g 2 x Shampooing 500ml 1 x D\u00e9sinfectant Mains 500ml 4 x Chiffons polyvalents 2 x \u00c9ponge \u00e0 Vaisselle 1 x Dentifrice 450g 5 x Brosses \u00e0 dents 2 x Peignes 12 x Masques jetables","og_url":"https:\/\/mozrelief.org\/fr\/product\/kit-esperanca\/","og_site_name":"Moz Relief","article_modified_time":"2022-12-02T10:17:41+00:00","og_image":[{"width":594,"height":561,"url":"https:\/\/mozrelief.org\/fr\/wp-content\/uploads\/2022\/01\/021222DD_MozRelief_Kit-Esperanc\u0327a-V02.png","type":"image\/png"}],"twitter_card":"summary_large_image","schema":{"@context":"https:\/\/schema.org","@graph":[{"@type":"WebSite","@id":"https:\/\/mozrelief.org\/fr\/#website","url":"https:\/\/mozrelief.org\/fr\/","name":"Moz Relief","description":"Org","potentialAction":[{"@type":"SearchAction","target":{"@type":"EntryPoint","urlTemplate":"https:\/\/mozrelief.org\/fr\/?s={search_term_string}"},"query-input":"required name=search_term_string"}],"inLanguage":"en-US"},{"@type":"ImageObject","inLanguage":"en-US","@id":"https:\/\/mozrelief.org\/fr\/product\/kit-esperanca\/#primaryimage","url":"https:\/\/mozrelief.org\/fr\/wp-content\/uploads\/2022\/01\/021222DD_MozRelief_Kit-Esperanc\u0327a-V02.png","contentUrl":"https:\/\/mozrelief.org\/fr\/wp-content\/uploads\/2022\/01\/021222DD_MozRelief_Kit-Esperanc\u0327a-V02.png","width":594,"height":561},{"@type":"WebPage","@id":"https:\/\/mozrelief.org\/fr\/product\/kit-esperanca\/#webpage","url":"https:\/\/mozrelief.org\/fr\/product\/kit-esperanca\/","name":"Kit Espoir - Moz Relief","isPartOf":{"@id":"https:\/\/mozrelief.org\/fr\/#website"},"primaryImageOfPage":{"@id":"https:\/\/mozrelief.org\/fr\/product\/kit-esperanca\/#primaryimage"},"datePublished":"2022-01-28T14:35:38+00:00","dateModified":"2022-12-02T10:17:41+00:00","breadcrumb":{"@id":"https:\/\/mozrelief.org\/fr\/product\/kit-esperanca\/#breadcrumb"},"inLanguage":"en-US","potentialAction":[{"@type":"ReadAction","target":["https:\/\/mozrelief.org\/fr\/product\/kit-esperanca\/"]}]},{"@type":"BreadcrumbList","@id":"https:\/\/mozrelief.org\/fr\/product\/kit-esperanca\/#breadcrumb","itemListElement":[{"@type":"ListItem","position":1,"name":"Home","item":"https:\/\/mozrelief.org\/fr\/"},{"@type":"ListItem","position":2,"name":"Shop","item":"https:\/\/mozrelief.org\/fr\/shop\/"},{"@type":"ListItem","position":3,"name":"Kit Espoir"}]}]}},"_links":{"self":[{"href":"https:\/\/mozrelief.org\/fr\/wp-json\/wp\/v2\/product\/3202"}],"collection":[{"href":"https:\/\/mozrelief.org\/fr\/wp-json\/wp\/v2\/product"}],"about":[{"href":"https:\/\/mozrelief.org\/fr\/wp-json\/wp\/v2\/types\/product"}],"replies":[{"embeddable":true,"href":"https:\/\/mozrelief.org\/fr\/wp-json\/wp\/v2\/comments?post=3202"}],"wp:featuredmedia":[{"embeddable":true,"href":"https:\/\/mozrelief.org\/fr\/wp-json\/wp\/v2\/media\/3390"}],"wp:attachment":[{"href":"https:\/\/mozrelief.org\/fr\/wp-json\/wp\/v2\/media?parent=3202"}],"curies":[{"name":"wp","href":"https:\/\/api.w.org\/{rel}","templated":true}]}}